{"id":17,"date":"2016-03-15T15:03:54","date_gmt":"2016-03-15T14:03:54","guid":{"rendered":"http:\/\/s584598847.onlinehome.fr\/marchal-taxi\/english\/?page_id=17"},"modified":"2022-04-01T15:39:42","modified_gmt":"2022-04-01T14:39:42","slug":"ski-resort-transfers-tarentaise-brides-bains-moutiers-savoie","status":"publish","type":"page","link":"https:\/\/www.m3t.fr\/english\/ski-resort-transfers-tarentaise-brides-bains-moutiers-savoie\/","title":{"rendered":"Ski resort transfers"},"content":{"rendered":"<p>We are the specialists of the transfers between train stations or airports and ski resorts of the 3 Vall\u00e9es and the Grand Domaine. Our vehicles are equipped for transporting the ski and snowboard equipment as well as for driving on the snow-covered roads.<\/p>\n<p><strong><span style=\"text-decoration: underline;\">Airports and train stations that we serve the most :<\/span><\/strong><\/p>\n<p>&#8211; Gen\u00e8ve&rsquo;s airport<br \/>\n&#8211; Chamb\u00e9ry&rsquo;s airport<br \/>\n&#8211; Lyon&rsquo;s airport<br \/>\n&#8211; Chamb\u00e9ry &#8211; Challes les Eaux<br \/>\n&#8211; Montm\u00e9lian&rsquo;s train station<br \/>\n&#8211; Saint Pierre d&rsquo;Albigny&rsquo;s train station<br \/>\n&#8211; Gr\u00e9sy sur Is\u00e8re&rsquo;s train station<br \/>\n&#8211; Frontenex&rsquo;s train station<br \/>\n&#8211; Albertville&rsquo;s train station<br \/>\n&#8211; Notre Dame de Brian\u00e7on &#8211; La L\u00e9ch\u00e8re&rsquo;s train station<br \/>\n&#8211; Mo\u00fbtiers &#8211; Salins &#8211; Brides les Bains&rsquo;s train station<\/p>\n<p><strong><span style=\"text-decoration: underline;\">Ski resorts that we serve the most :<\/span><\/strong><\/p>\n<p>&#8211; Brides les Bains<br \/>\n&#8211; Courchevel<br \/>\n&#8211; La Tania<br \/>\n&#8211; M\u00e9ribel<br \/>\n&#8211; Val Thorens<br \/>\n&#8211; Les M\u00e9nuires<br \/>\n&#8211; Saint Martin de Belleville<br \/>\n&#8211; Pralognan La Vanoise<br \/>\n&#8211; Champagny en Vanoise<br \/>\n&#8211; Valmorel<br \/>\n&#8211; Doucy-Combelouvi\u00e8re<br \/>\n&#8211; N\u00e2ves<\/p>\n<p><span lang=\"en-US\">Our taxis are at your disposal for the transfers to and from other ski resorts, airports and train stations, so do not hesitate to <a href=\"https:\/\/www.m3t.fr\/english\/reserver-taxi-savoie-brides-les-bains\/\">contact us to check the availabilities<\/a> ! <\/span><\/p>\n","protected":false},"excerpt":{"rendered":"<p>We are the specialists of the transfers between train stations or airports and ski resorts of the 3 Vall\u00e9es and the Grand Domaine. Our vehicles are equipped for transporting the ski and snowboard equipment as well as for driving on &hellip; <a href=\"https:\/\/www.m3t.fr\/english\/ski-resort-transfers-tarentaise-brides-bains-moutiers-savoie\/\">Continue reading <span class=\"meta-nav\">&rarr;<\/span><\/a><\/p>\n","protected":false},"author":1,"featured_media":0,"parent":0,"menu_order":0,"comment_status":"closed","ping_status":"closed","template":"","meta":[],"_links":{"self":[{"href":"https:\/\/www.m3t.fr\/english\/wp-json\/wp\/v2\/pages\/17"}],"collection":[{"href":"https:\/\/www.m3t.fr\/english\/wp-json\/wp\/v2\/pages"}],"about":[{"href":"https:\/\/www.m3t.fr\/english\/wp-json\/wp\/v2\/types\/page"}],"author":[{"embeddable":true,"href":"https:\/\/www.m3t.fr\/english\/wp-json\/wp\/v2\/users\/1"}],"replies":[{"embeddable":true,"href":"https:\/\/www.m3t.fr\/english\/wp-json\/wp\/v2\/comments?post=17"}],"version-history":[{"count":22,"href":"https:\/\/www.m3t.fr\/english\/wp-json\/wp\/v2\/pages\/17\/revisions"}],"predecessor-version":[{"id":422,"href":"https:\/\/www.m3t.fr\/english\/wp-json\/wp\/v2\/pages\/17\/revisions\/422"}],"wp:attachment":[{"href":"https:\/\/www.m3t.fr\/english\/wp-json\/wp\/v2\/media?parent=17"}],"curies":[{"name":"wp","href":"https:\/\/api.w.org\/{rel}","templated":true}]}}