{"id":15,"date":"2016-03-15T15:00:42","date_gmt":"2016-03-15T14:00:42","guid":{"rendered":"http:\/\/s584598847.onlinehome.fr\/marchal-taxi\/english\/?page_id=15"},"modified":"2022-04-01T15:28:10","modified_gmt":"2022-04-01T14:28:10","slug":"train-station-and-airport-transfers-aeroports-savoie-sations-ski-tarentaise-brides-bains-marches","status":"publish","type":"page","link":"https:\/\/www.m3t.fr\/english\/train-station-and-airport-transfers-aeroports-savoie-sations-ski-tarentaise-brides-bains-marches\/","title":{"rendered":"Train station and airport transfers"},"content":{"rendered":"<p>Our taxis are at your service to come pick you up and take you to multiple train stations and airports, whether you are on a tourist, personal or professional trip.<\/p>\n<p><strong><span style=\"text-decoration: underline;\">Airports and train stations that we serve the most :<\/span><\/strong><\/p>\n<p>&#8211; Gen\u00e8ve&rsquo;s airport<br \/>\n&#8211; Chamb\u00e9ry&rsquo;s airport<br \/>\n&#8211; Lyon&rsquo;s airport<br \/>\n&#8211;\u00a0 Chamb\u00e9ry &#8211; Challes les Eaux&rsquo;s train station<br \/>\n&#8211; Montm\u00e9lian&rsquo;s train station<br \/>\n&#8211; Saint Pierre d&rsquo;Albigny&rsquo;s train station<br \/>\n&#8211; Gr\u00e9sy sur Is\u00e8re&rsquo;s train station<br \/>\n&#8211; Frontenex&rsquo;s train station<br \/>\n&#8211; Albertville&rsquo;s train station<br \/>\n&#8211; Notre Dame de Brian\u00e7on &#8211; La L\u00e9ch\u00e8re&rsquo;s train station<br \/>\n&#8211; Mo\u00fbtiers &#8211; Salins &#8211; Brides les Bains&rsquo;s train station<\/p>\n<p>Our taxis are at your disposal for the transfers to and from other airports and train stations, so do not hesitate to <a href=\"https:\/\/www.m3t.fr\/english\/reserver-taxi-savoie-brides-les-bains\/\">contact us to check the availabilities<\/a> !<\/p>\n","protected":false},"excerpt":{"rendered":"<p>Our taxis are at your service to come pick you up and take you to multiple train stations and airports, whether you are on a tourist, personal or professional trip. Airports and train stations that we serve the most : &hellip; <a href=\"https:\/\/www.m3t.fr\/english\/train-station-and-airport-transfers-aeroports-savoie-sations-ski-tarentaise-brides-bains-marches\/\">Continue reading <span class=\"meta-nav\">&rarr;<\/span><\/a><\/p>\n","protected":false},"author":1,"featured_media":0,"parent":0,"menu_order":0,"comment_status":"closed","ping_status":"closed","template":"","meta":[],"_links":{"self":[{"href":"https:\/\/www.m3t.fr\/english\/wp-json\/wp\/v2\/pages\/15"}],"collection":[{"href":"https:\/\/www.m3t.fr\/english\/wp-json\/wp\/v2\/pages"}],"about":[{"href":"https:\/\/www.m3t.fr\/english\/wp-json\/wp\/v2\/types\/page"}],"author":[{"embeddable":true,"href":"https:\/\/www.m3t.fr\/english\/wp-json\/wp\/v2\/users\/1"}],"replies":[{"embeddable":true,"href":"https:\/\/www.m3t.fr\/english\/wp-json\/wp\/v2\/comments?post=15"}],"version-history":[{"count":33,"href":"https:\/\/www.m3t.fr\/english\/wp-json\/wp\/v2\/pages\/15\/revisions"}],"predecessor-version":[{"id":417,"href":"https:\/\/www.m3t.fr\/english\/wp-json\/wp\/v2\/pages\/15\/revisions\/417"}],"wp:attachment":[{"href":"https:\/\/www.m3t.fr\/english\/wp-json\/wp\/v2\/media?parent=15"}],"curies":[{"name":"wp","href":"https:\/\/api.w.org\/{rel}","templated":true}]}}